{"id":55111,"date":"2025-01-26T04:41:05","date_gmt":"2025-01-26T01:41:05","guid":{"rendered":"https:\/\/nookhba.store\/product\/%d9%84%d8%a7%d8%a8%d8%aa%d9%88%d8%a8-%d8%a7%d9%84%d8%a7%d9%84%d8%b9%d8%a7%d8%a8-%d8%a7%d9%85-%d8%a7%d8%b3-%d8%a7%d9%8a-%d8%b3%d8%a7%d9%8a%d8%a8%d9%88%d8%b1%d8%ac-15a12vf-core17-12650h\/"},"modified":"2025-01-26T04:41:05","modified_gmt":"2025-01-26T01:41:05","slug":"%d9%84%d8%a7%d8%a8%d8%aa%d9%88%d8%a8-%d8%a7%d9%84%d8%a7%d9%84%d8%b9%d8%a7%d8%a8-%d8%a7%d9%85-%d8%a7%d8%b3-%d8%a7%d9%8a-%d8%b3%d8%a7%d9%8a%d8%a8%d9%88%d8%b1%d8%ac-15a12vf-core17-12650h","status":"publish","type":"product","link":"https:\/\/nookhba.store\/ar\/product\/%d9%84%d8%a7%d8%a8%d8%aa%d9%88%d8%a8-%d8%a7%d9%84%d8%a7%d9%84%d8%b9%d8%a7%d8%a8-%d8%a7%d9%85-%d8%a7%d8%b3-%d8%a7%d9%8a-%d8%b3%d8%a7%d9%8a%d8%a8%d9%88%d8%b1%d8%ac-15a12vf-core17-12650h\/","title":{"rendered":"\u0644\u0627\u0628\u062a\u0648\u0628 \u0627\u0644\u0627\u0644\u0639\u0627\u0628 \u0627\u0645 \u0627\u0633 \u0627\u064a \u0633\u0627\u064a\u0628\u0648\u0631\u062c 15A12VF Core17 12650H"},"content":{"rendered":"<h2>\u062a\u0641\u0627\u0635\u064a\u0644 \u0627\u0644\u0645\u0646\u062a\u062c<\/h2>\n<div class=\"seo-optimized\">\n<h1 class=\"seo-optimized\">MSI \u0633\u0627\u064a\u0628\u0648\u0631\u063a \u0627\u0644\u0623\u0644\u0639\u0627\u0628<\/h1>\n<p><\/p>\n<p class=\"seo-optimized\">\u062a\u0645\u062a \u062a\u0631\u0642\u064a\u0629 \u0627\u0644\u0643\u0645\u0628\u064a\u0648\u062a\u0631 \u0648\u062a\u062e\u0635\u064a\u0635\u0647 \u0628\u0634\u0643\u0644 \u0627\u062d\u062a\u0631\u0627\u0641\u064a. \u0633\u064a\u062a\u0645 \u0641\u062a\u062d \u0635\u0646\u062f\u0648\u0642 \u0627\u0644\u0634\u0631\u0643\u0629 \u0627\u0644\u0645\u0635\u0646\u0639\u0629 \u0645\u0646 \u0642\u0628\u0644 \u0645\u0647\u0646\u062f\u0633\u064a\u0646\u0627 \u0627\u0644\u0645\u062d\u062a\u0631\u0641\u064a\u0646 \u0644\u0644\u062a\u062e\u0635\u064a\u0635 \u0648\u0627\u0644\u0627\u062e\u062a\u0628\u0627\u0631. \u064a\u062a\u0645 \u062a\u0642\u0644\u064a\u0644 \u0639\u064a\u0648\u0628 \u0627\u0644\u0645\u0635\u0646\u0639 \u0648\u0627\u0644\u0639\u064a\u0648\u0628 \u0628\u0634\u0643\u0644 \u0643\u0628\u064a\u0631 \u0645\u0646 \u062e\u0644\u0627\u0644 \u0627\u0644\u0641\u062d\u0635 \u0648\u0627\u0644\u0627\u062e\u062a\u0628\u0627\u0631 \u0627\u0644\u0645\u062a\u0639\u0645\u0642 \u0644\u062f\u064a\u0646\u0627. \u0646\u062d\u0646 \u0646\u0642\u062f\u0645 \u0636\u0645\u0627\u0646\u0627 \u0644\u0645\u062f\u0629 12 \u0634\u0647\u0631\u0627 \u060c \u0641\u0644\u0627 \u062a\u062a\u0631\u062f\u062f \u0641\u064a \u0627\u0644\u0627\u062a\u0635\u0627\u0644 \u0628\u0646\u0627 \u0625\u0630\u0627 \u0643\u0646\u062a \u0628\u062d\u0627\u062c\u0629 \u0625\u0644\u0649 \u0623\u064a \u062f\u0639\u0645 \u0645\u0646 \u0641\u0631\u064a\u0642\u0646\u0627.   &nbsp;\u0637\u0631\u0627\u0632 \u0627\u0644\u0645\u0639\u0627\u0644\u062c&nbsp;\u0645\u0639\u0627\u0644\u062c\u0627\u062a Intel Core i7-12650H \u0645\u0646 \u0627\u0644\u062c\u064a\u0644 \u0627\u0644\u062b\u0627\u0646\u064a \u0639\u0634\u0631&nbsp;# \u0645\u0646 \u0627\u0644\u0646\u0648\u0649&nbsp;10&nbsp;# \u0645\u0646 \u0646\u0648\u0649 \u0627\u0644\u0623\u062f\u0627\u0621&nbsp;6&nbsp;# \u0645\u0646 \u0627\u0644\u0646\u0648\u0649 \u0627\u0644\u0641\u0639\u0627\u0644\u0629&nbsp;4&nbsp;\u0625\u062c\u0645\u0627\u0644\u064a \u0627\u0644\u0645\u0648\u0627\u0636\u064a\u0639&nbsp;16&nbsp;\u0645\u0627\u0643\u0633 \u062a\u0631\u062f\u062f \u062a\u0648\u0631\u0628\u0648&nbsp;\u062d\u062a\u0649 4.7 \u062c\u064a\u062c\u0627\u0647\u0631\u062a\u0632&nbsp;\u062a\u0631\u062f\u062f \u062a\u0648\u0631\u0628\u0648 \u0623\u0642\u0635\u0649 \u0630\u0648 \u0646\u0648\u0627\u0629 \u0641\u0639\u0627\u0644&nbsp;3.5 \u062c\u064a\u062c\u0627 \u0647\u0631\u062a\u0632&nbsp;\u0627\u0644\u0631\u0633\u0648\u0645\u0627\u062a&nbsp;\u062c\u064a \u0641\u0648\u0631\u0633 RTX 4060&nbsp;\u0639\u0631\u0636&nbsp;\u0634\u0627\u0634\u0629 IPS \u0645\u0642\u0627\u0633 15.6 \u0628\u0648\u0635\u0629 \u0628\u062f\u0642\u0629 FHD (1920 \u00d7 1080)&nbsp;\u0648\u0627\u062c\u0647\u0647&nbsp;2 \u00d7 USB-A 1 \u00d7 USB-C 1 \u00d7 HDMI 1 \u00d7 RJ45 1 \u00d7 \u0645\u0642\u0628\u0633 \u0645\u062c\u0645\u0639 \u0633\u0645\u0627\u0639\u0629 \u0627\u0644\u0631\u0623\u0633 \/ \u0627\u0644\u0645\u064a\u0643\u0631\u0648\u0641\u0648\u0646&nbsp;\u0646\u0638\u0627\u0645 \u0627\u0644\u062a\u0634\u063a\u064a\u0644&nbsp;\u0648\u064a\u0646\u062f\u0648\u0632 11 \u0628\u0631\u0648&nbsp;\u0627\u0644\u0627\u062e\u0631\u064a\u0646&nbsp;\u0627\u0644\u0623\u0628\u0639\u0627\u062f: 14.13 \u00d7 9.8 \u00d7 0.8 \u0628\u0648\u0635\u0629 \u0627\u0644\u0648\u0632\u0646: 4.37 \u0631\u0637\u0644<\/p>\n<p><\/div>\n","protected":false},"excerpt":{"rendered":"<p>\u062a\u0641\u0627\u0635\u064a\u0644 \u0627\u0644\u0645\u0646\u062a\u062c MSI \u0633\u0627\u064a\u0628\u0648\u0631\u063a \u0627\u0644\u0623\u0644\u0639\u0627\u0628 \u062a\u0645\u062a \u062a\u0631\u0642\u064a\u0629 \u0627\u0644\u0643\u0645\u0628\u064a\u0648\u062a\u0631 \u0648\u062a\u062e\u0635\u064a\u0635\u0647 \u0628\u0634\u0643\u0644 \u0627\u062d\u062a\u0631\u0627\u0641\u064a. \u0633\u064a\u062a\u0645 \u0641\u062a\u062d \u0635\u0646\u062f\u0648\u0642 \u0627\u0644\u0634\u0631\u0643\u0629 \u0627\u0644\u0645\u0635\u0646\u0639\u0629 \u0645\u0646 \u0642\u0628\u0644 \u0645\u0647\u0646\u062f\u0633\u064a\u0646\u0627 \u0627\u0644\u0645\u062d\u062a\u0631\u0641\u064a\u0646 \u0644\u0644\u062a\u062e\u0635\u064a\u0635 \u0648\u0627\u0644\u0627\u062e\u062a\u0628\u0627\u0631. \u064a\u062a\u0645 \u062a\u0642\u0644\u064a\u0644 \u0639\u064a\u0648\u0628 \u0627\u0644\u0645\u0635\u0646\u0639 \u0648\u0627\u0644\u0639\u064a\u0648\u0628 \u0628\u0634\u0643\u0644 \u0643\u0628\u064a\u0631 \u0645\u0646 \u062e\u0644\u0627\u0644 \u0627\u0644\u0641\u062d\u0635 \u0648\u0627\u0644\u0627\u062e\u062a\u0628\u0627\u0631 \u0627\u0644\u0645\u062a\u0639\u0645\u0642 \u0644\u062f\u064a\u0646\u0627. \u0646\u062d\u0646 \u0646\u0642\u062f\u0645 \u0636\u0645\u0627\u0646\u0627 \u0644\u0645\u062f\u0629 12 \u0634\u0647\u0631\u0627 \u060c \u0641\u0644\u0627 \u062a\u062a\u0631\u062f\u062f \u0641\u064a \u0627\u0644\u0627\u062a\u0635\u0627\u0644 \u0628\u0646\u0627 \u0625\u0630\u0627 \u0643\u0646\u062a \u0628\u062d\u0627\u062c\u0629 \u0625\u0644\u0649 \u0623\u064a \u062f\u0639\u0645 \u0645\u0646 \u0641\u0631\u064a\u0642\u0646\u0627. &nbsp;\u0637\u0631\u0627\u0632 \u0627\u0644\u0645\u0639\u0627\u0644\u062c&nbsp;\u0645\u0639\u0627\u0644\u062c\u0627\u062a Intel Core i7-12650H \u0645\u0646 \u0627\u0644\u062c\u064a\u0644 \u0627\u0644\u062b\u0627\u0646\u064a \u0639\u0634\u0631&nbsp;# \u0645\u0646 \u0627\u0644\u0646\u0648\u0649&nbsp;10&nbsp;# \u0645\u0646 \u0646\u0648\u0649 \u0627\u0644\u0623\u062f\u0627\u0621&nbsp;6&nbsp;# \u0645\u0646 [&hellip;]<\/p>\n","protected":false},"featured_media":13563,"comment_status":"open","ping_status":"closed","template":"","meta":[],"product_brand":[],"product_cat":[2401],"product_tag":[2424,3434,3159,3183,3317],"class_list":{"0":"post-55111","1":"product","2":"type-product","3":"status-publish","4":"has-post-thumbnail","6":"product_cat-2401","7":"product_tag-msi-ar","8":"product_tag-3434","9":"product_tag-3159","10":"product_tag-3183","11":"product_tag--ar","13":"first","14":"instock","15":"sold-individually","16":"taxable","17":"shipping-taxable","18":"purchasable","19":"product-type-simple"},"_links":{"self":[{"href":"https:\/\/nookhba.store\/ar\/wp-json\/wp\/v2\/product\/55111","targetHints":{"allow":["GET"]}}],"collection":[{"href":"https:\/\/nookhba.store\/ar\/wp-json\/wp\/v2\/product"}],"about":[{"href":"https:\/\/nookhba.store\/ar\/wp-json\/wp\/v2\/types\/product"}],"replies":[{"embeddable":true,"href":"https:\/\/nookhba.store\/ar\/wp-json\/wp\/v2\/comments?post=55111"}],"wp:featuredmedia":[{"embeddable":true,"href":"https:\/\/nookhba.store\/ar\/wp-json\/wp\/v2\/media\/13563"}],"wp:attachment":[{"href":"https:\/\/nookhba.store\/ar\/wp-json\/wp\/v2\/media?parent=55111"}],"wp:term":[{"taxonomy":"product_brand","embeddable":true,"href":"https:\/\/nookhba.store\/ar\/wp-json\/wp\/v2\/product_brand?post=55111"},{"taxonomy":"product_cat","embeddable":true,"href":"https:\/\/nookhba.store\/ar\/wp-json\/wp\/v2\/product_cat?post=55111"},{"taxonomy":"product_tag","embeddable":true,"href":"https:\/\/nookhba.store\/ar\/wp-json\/wp\/v2\/product_tag?post=55111"}],"curies":[{"name":"wp","href":"https:\/\/api.w.org\/{rel}","templated":true}]}}